{"id":38,"date":"2016-10-20T23:28:34","date_gmt":"2016-10-20T21:28:34","guid":{"rendered":"http:\/\/192.168.0.6\/wordpress\/?page_id=38"},"modified":"2024-11-06T17:56:52","modified_gmt":"2024-11-06T16:56:52","slug":"impressum","status":"publish","type":"page","link":"http:\/\/notarzt-miesbach.spdns.de\/?page_id=38","title":{"rendered":"Impressum"},"content":{"rendered":"<h3 style=\"text-align: left;\">F\u00f6rderverein Notarztgruppe Schlierach-\/Leitzachtal e.V.<\/h3>\n<p>1. Vorsitzender &#8211;<strong> B\u00fcrgermeister Jens Zangenfeind<\/strong>; Holz 94, 83734 Hausham<br \/>\nstellvertr. Vorsitzender &#8211; <strong>Dr. Florian Meier<\/strong>; Am Hang 1, 83714 Miesbach<br \/>\n2. stellvertr. Vorsitzender &#8211; <strong>Florian Gottstein<\/strong>; Leitnerstrasse 5a, 83727 Schliersee<br \/>\nSchriftf\u00fchrer und Kassier &#8211; <strong>Dr. med. univ. Sascha Dombrowsky<\/strong>, Dekan-Maier-Weg 35, 83727 Schliersee<\/p>\n<h1><a href=\"http:\/\/funserver.spdns.de\/foerderverein\/?page_id=68\/\"><span style=\"color: #d20000;\">Vereinssatzung<\/span><\/a><\/h1>\n<h1><a href=\"http:\/\/funserver.spdns.de\/foerderverein\/?page_id=547\/\"><span style=\"color: #d20000;\">Datenschutzerkl\u00e4rung<\/span><\/a><\/h1>\n<p><strong>Email<\/strong> <a title=\"E-Mail versenden\"><span style=\"color: #d20000;\">info@notarzt-miesbach.de<\/span><\/a><br \/>\n<strong>Internet <\/strong><a title=\"Webadresse\" href=\"http:\/\/www.notarzt-miesbach.de\/\"><span style=\"color: #d20000;\">http:\/\/www.notarzt-miesbach.de<\/span><\/a><br \/>\n<strong>Facebook <\/strong><a title=\"Facebook\" href=\"https:\/\/www.facebook.com\/Notarzt.Miesbach\"><span style=\"color: #d20000;\">https:\/\/www.facebook.com\/Notarzt.Miesbach<\/span><\/a><br \/>\n<strong>Postfach 100207, 83722 Schliersee<\/strong><\/p>\n<p><strong>Haftungshinweis<\/strong><br \/>\nTrotz sorgf\u00e4ltiger inhaltlicher Kontrolle \u00fcbernehmen wir keine Haftung f\u00fcr die Inhalte externer Links. F\u00fcr den Inhalt der verlinkten Seiten sind ausschlie\u00dflich deren Betreiber verantwortlich.<br \/>\nDiese Seite ist ausschliesslich zur Information gedacht. Notrufe sowie \u00e4rztliche Ausk\u00fcnfte, etc. sind \u00fcber diese Seite nicht m\u00f6glich.<\/p>\n<p><strong>Gestaltung und Programmierung<\/strong><br \/>\nDr. med. univ. Sascha Dombrowsky<\/p>\n<p><span style=\"color: #d20000;\">\u00a0<\/span><\/p>\n","protected":false},"excerpt":{"rendered":"<p>F\u00f6rderverein Notarztgruppe Schlierach-\/Leitzachtal e.V. 1. Vorsitzender &#8211; B\u00fcrgermeister Jens Zangenfeind; Holz 94, 83734 Hausham stellvertr. Vorsitzender &#8211; Dr. Florian Meier; Am Hang 1, 83714 Miesbach 2. stellvertr. Vorsitzender &#8211; Florian Gottstein; Leitnerstrasse 5a, 83727 Schliersee Schriftf\u00fchrer und Kassier &#8211; Dr. med. univ. Sascha Dombrowsky, Dekan-Maier-Weg 35, 83727 Schliersee Vereinssatzung Datenschutzerkl\u00e4rung Email info@notarzt-miesbach.de Internet http:\/\/www.notarzt-miesbach.de Facebook [&hellip;]<\/p>\n","protected":false},"author":1,"featured_media":0,"parent":0,"menu_order":0,"comment_status":"closed","ping_status":"closed","template":"page-fullwidth.php","meta":[],"_links":{"self":[{"href":"http:\/\/notarzt-miesbach.spdns.de\/index.php?rest_route=\/wp\/v2\/pages\/38"}],"collection":[{"href":"http:\/\/notarzt-miesbach.spdns.de\/index.php?rest_route=\/wp\/v2\/pages"}],"about":[{"href":"http:\/\/notarzt-miesbach.spdns.de\/index.php?rest_route=\/wp\/v2\/types\/page"}],"author":[{"embeddable":true,"href":"http:\/\/notarzt-miesbach.spdns.de\/index.php?rest_route=\/wp\/v2\/users\/1"}],"replies":[{"embeddable":true,"href":"http:\/\/notarzt-miesbach.spdns.de\/index.php?rest_route=%2Fwp%2Fv2%2Fcomments&post=38"}],"version-history":[{"count":26,"href":"http:\/\/notarzt-miesbach.spdns.de\/index.php?rest_route=\/wp\/v2\/pages\/38\/revisions"}],"predecessor-version":[{"id":557,"href":"http:\/\/notarzt-miesbach.spdns.de\/index.php?rest_route=\/wp\/v2\/pages\/38\/revisions\/557"}],"wp:attachment":[{"href":"http:\/\/notarzt-miesbach.spdns.de\/index.php?rest_route=%2Fwp%2Fv2%2Fmedia&parent=38"}],"curies":[{"name":"wp","href":"https:\/\/api.w.org\/{rel}","templated":true}]}}