{"id":2,"date":"2016-10-20T20:01:23","date_gmt":"2016-10-20T18:01:23","guid":{"rendered":"http:\/\/192.168.0.6\/wordpress\/?page_id=2"},"modified":"2024-11-06T18:01:10","modified_gmt":"2024-11-06T17:01:10","slug":"mitglied-werden","status":"publish","type":"page","link":"http:\/\/notarzt-miesbach.spdns.de\/?page_id=2","title":{"rendered":"Mitglied werden\/Spenden"},"content":{"rendered":"<div style=\"text-align: center;\">\n<h2>Um Mitglied zu werden und sich j\u00e4hrlich mit \u20ac 25,00 an unserer Arbeit zu beteiligen, f\u00fcllen Sie einfach das angeh\u00e4ngte Formular aus und senden es an uns zur\u00fcck.<\/h2>\n<h4><a href=\"http:\/\/notarzt-miesbach.spdns.de\/foerderverein\/wp-content\/uploads\/2017\/03\/NAFlyerA4.pdf\"><img decoding=\"async\" loading=\"lazy\" class=\"alignnone wp-image-318\" src=\"http:\/\/funserver.spdns.de\/foerderverein\/wp-content\/uploads\/2016\/10\/Flyer-vorne.jpg\" alt=\"\" width=\"509\" height=\"721\" srcset=\"http:\/\/notarzt-miesbach.spdns.de\/foerderverein\/wp-content\/uploads\/2016\/10\/Flyer-vorne.jpg 643w, http:\/\/notarzt-miesbach.spdns.de\/foerderverein\/wp-content\/uploads\/2016\/10\/Flyer-vorne-212x300.jpg 212w\" sizes=\"(max-width: 509px) 100vw, 509px\" \/><\/a><\/h4>\n<h4><\/h4>\n<h2 style=\"text-align: left;\">Spenden Sie einmalig auf unser Spendenkonto:<\/h2>\n<h4 style=\"text-align: left;\">F\u00f6rderverein Notarztgruppe Schlierach-\/Leitzachtal e.V.<br \/>\nIBAN DE46 7115 2570 0000 0222 44<br \/>\nBIC BYLADEM1MIB<br \/>\nKreissparkasse Miesbach &#8211; Tegernsee<\/h4>\n<\/div>\n<div style=\"text-align: center;\">\n<div id=\"amznCharityBanner\"><\/div>\n<\/div>\n","protected":false},"excerpt":{"rendered":"<p>Um Mitglied zu werden und sich j\u00e4hrlich mit \u20ac 25,00 an unserer Arbeit zu beteiligen, f\u00fcllen Sie einfach das angeh\u00e4ngte Formular aus und senden es an uns zur\u00fcck. Spenden Sie einmalig auf unser Spendenkonto: F\u00f6rderverein Notarztgruppe Schlierach-\/Leitzachtal e.V. IBAN DE46 7115 2570 0000 0222 44 BIC BYLADEM1MIB Kreissparkasse Miesbach &#8211; Tegernsee<\/p>\n","protected":false},"author":1,"featured_media":0,"parent":0,"menu_order":0,"comment_status":"closed","ping_status":"open","template":"page-fullwidth.php","meta":[],"_links":{"self":[{"href":"http:\/\/notarzt-miesbach.spdns.de\/index.php?rest_route=\/wp\/v2\/pages\/2"}],"collection":[{"href":"http:\/\/notarzt-miesbach.spdns.de\/index.php?rest_route=\/wp\/v2\/pages"}],"about":[{"href":"http:\/\/notarzt-miesbach.spdns.de\/index.php?rest_route=\/wp\/v2\/types\/page"}],"author":[{"embeddable":true,"href":"http:\/\/notarzt-miesbach.spdns.de\/index.php?rest_route=\/wp\/v2\/users\/1"}],"replies":[{"embeddable":true,"href":"http:\/\/notarzt-miesbach.spdns.de\/index.php?rest_route=%2Fwp%2Fv2%2Fcomments&post=2"}],"version-history":[{"count":43,"href":"http:\/\/notarzt-miesbach.spdns.de\/index.php?rest_route=\/wp\/v2\/pages\/2\/revisions"}],"predecessor-version":[{"id":561,"href":"http:\/\/notarzt-miesbach.spdns.de\/index.php?rest_route=\/wp\/v2\/pages\/2\/revisions\/561"}],"wp:attachment":[{"href":"http:\/\/notarzt-miesbach.spdns.de\/index.php?rest_route=%2Fwp%2Fv2%2Fmedia&parent=2"}],"curies":[{"name":"wp","href":"https:\/\/api.w.org\/{rel}","templated":true}]}}