{"id":138,"date":"2016-12-03T13:39:51","date_gmt":"2016-12-03T12:39:51","guid":{"rendered":"http:\/\/192.168.0.6\/wordpress\/?page_id=138"},"modified":"2024-11-06T18:03:04","modified_gmt":"2024-11-06T17:03:04","slug":"defibrillator-projekt","status":"publish","type":"page","link":"http:\/\/notarzt-miesbach.spdns.de\/?page_id=138","title":{"rendered":"Defibrillator Projekt"},"content":{"rendered":"<h1 style=\"text-align: center;\">\u00a0Kampf dem Herztod<\/h1>\n<p style=\"text-align: center;\"><img decoding=\"async\" loading=\"lazy\" class=\"alignnone size-full wp-image-209\" src=\"http:\/\/funserver.spdns.de\/foerderverein\/wp-content\/uploads\/2016\/12\/Unbenannt.png\" alt=\"\" width=\"225\" height=\"225\" srcset=\"http:\/\/notarzt-miesbach.spdns.de\/foerderverein\/wp-content\/uploads\/2016\/12\/Unbenannt.png 225w, http:\/\/notarzt-miesbach.spdns.de\/foerderverein\/wp-content\/uploads\/2016\/12\/Unbenannt-150x150.png 150w\" sizes=\"(max-width: 225px) 100vw, 225px\" \/><\/p>\n<p style=\"text-align: center;\"><img decoding=\"async\" loading=\"lazy\" class=\"alignnone wp-image-210\" src=\"http:\/\/funserver.spdns.de\/foerderverein\/wp-content\/uploads\/2016\/12\/HCM50664-IMS-de_DE-300x169.png\" alt=\"\" width=\"391\" height=\"220\" srcset=\"http:\/\/notarzt-miesbach.spdns.de\/foerderverein\/wp-content\/uploads\/2016\/12\/HCM50664-IMS-de_DE-300x169.png 300w, http:\/\/notarzt-miesbach.spdns.de\/foerderverein\/wp-content\/uploads\/2016\/12\/HCM50664-IMS-de_DE.png 435w\" sizes=\"(max-width: 391px) 100vw, 391px\" \/><\/p>\n<h3 style=\"text-align: center;\">Seit vielen Jahren k\u00f6nnen wir in Filialen der Sparkasse und der Raiffeisenbank, sowie in Zusammenarbeit mit der freiwilligen Feuerwehr und\u00a0einigen Firmen\u00a0einen Fr\u00fch-Defibrillator (AED)\u00a0zur Verf\u00fcgung stellen. Diese AED-Ger\u00e4te sind unser erfolgreichstes Mittel im Kampf gegen den Herztod und jede Minute z\u00e4hlt. Die Beschaffung und Pflege liegt in den H\u00e4nden unseres Vereines.<\/h3>\n<h3><\/h3>\n<h3 style=\"text-align: center;\">Bereits mehrfach kamen unsere Ger\u00e4te auch mit Erfolg zum Einsatz<\/h3>\n<h3><\/h3>\n<h3 style=\"text-align: center;\">Hier finden Sie im stets zug\u00e4nglichen Bereich (bei den Geldautomaten) ein AED-Ger\u00e4t:<\/h3>\n<h3><\/h3>\n<h3 style=\"text-align: center;\">\u00a0<img decoding=\"async\" loading=\"lazy\" class=\"alignnone wp-image-208\" src=\"http:\/\/funserver.spdns.de\/foerderverein\/wp-content\/uploads\/2016\/12\/Sparkasse_svg-236x300.png\" alt=\"\" width=\"94\" height=\"119\" srcset=\"http:\/\/notarzt-miesbach.spdns.de\/foerderverein\/wp-content\/uploads\/2016\/12\/Sparkasse_svg-236x300.png 236w, http:\/\/notarzt-miesbach.spdns.de\/foerderverein\/wp-content\/uploads\/2016\/12\/Sparkasse_svg-768x977.png 768w, http:\/\/notarzt-miesbach.spdns.de\/foerderverein\/wp-content\/uploads\/2016\/12\/Sparkasse_svg-805x1024.png 805w, http:\/\/notarzt-miesbach.spdns.de\/foerderverein\/wp-content\/uploads\/2016\/12\/Sparkasse_svg.png 2000w\" sizes=\"(max-width: 94px) 100vw, 94px\" \/><\/h3>\n<h3 style=\"text-align: center;\">Filiale Schliersee<\/h3>\n<h3 style=\"text-align: center;\">Filiale Hausham<\/h3>\n<h3 style=\"text-align: center;\">Filiale Fischbachau<\/h3>\n<h3 style=\"text-align: center;\">Filiale Bayerischzell<\/h3>\n<h3 style=\"text-align: center;\">Filiale Irschenberg<\/h3>\n<h3><\/h3>\n<h3 style=\"text-align: center;\"><img decoding=\"async\" loading=\"lazy\" class=\"alignnone wp-image-207\" src=\"http:\/\/funserver.spdns.de\/foerderverein\/wp-content\/uploads\/2016\/12\/1467710136074.png\" alt=\"\" width=\"271\" height=\"52\" \/><\/h3>\n<h3 style=\"text-align: center;\">Filiale Hundham<\/h3>\n<h3><\/h3>\n<h3 style=\"text-align: center;\"><img decoding=\"async\" loading=\"lazy\" class=\"alignnone size-full wp-image-214\" src=\"http:\/\/funserver.spdns.de\/foerderverein\/wp-content\/uploads\/2016\/12\/logo.jpg\" alt=\"\" width=\"158\" height=\"162\" \/><\/h3>\n<h3 style=\"text-align: center;\">Arabela Hotel Spitzingsee<\/h3>\n<h3><\/h3>\n<h3 style=\"text-align: center;\"><img decoding=\"async\" loading=\"lazy\" class=\"alignnone wp-image-215\" src=\"http:\/\/funserver.spdns.de\/foerderverein\/wp-content\/uploads\/2016\/12\/Feuerwehr-logo-300x300.gif\" alt=\"\" width=\"143\" height=\"143\" srcset=\"http:\/\/notarzt-miesbach.spdns.de\/foerderverein\/wp-content\/uploads\/2016\/12\/Feuerwehr-logo-300x300.gif 300w, http:\/\/notarzt-miesbach.spdns.de\/foerderverein\/wp-content\/uploads\/2016\/12\/Feuerwehr-logo-150x150.gif 150w\" sizes=\"(max-width: 143px) 100vw, 143px\" \/><\/h3>\n<h3 style=\"text-align: center;\">FFW Schliersee<\/h3>\n<h3 style=\"text-align: center;\">FFW Fischbachau<\/h3>\n<h3 style=\"text-align: center;\">FFW Hausham<\/h3>\n<h3 style=\"text-align: center;\">FFW Hundham<\/h3>\n<h3 style=\"text-align: center;\">FFW Elbach<\/h3>\n<h3 style=\"text-align: center;\">FFW Miesbach<\/h3>\n<h3 style=\"text-align: center;\">etc.<\/h3>\n<h4><\/h4>\n<h3 style=\"text-align: center;\">weitere Ger\u00e4te in Zusammenarbeit mit:<\/h3>\n<h4 style=\"text-align: center;\">Firma Mayr Miesbach<\/h4>\n<h4 style=\"text-align: center;\">THW Miesbach<\/h4>\n<h4 style=\"text-align: center;\">Koronarsportgruppe Miesbach<\/h4>\n<h4 style=\"text-align: center;\">Warmbad Miesbach<\/h4>\n<h4 style=\"text-align: center;\">Stadthalle Miesbach<\/h4>\n<h4 style=\"text-align: center;\">Vitalwelt Schliersee<\/h4>\n<h4 style=\"text-align: center;\">Seniorenheim St. Elisabeth Neuhaus<\/h4>\n","protected":false},"excerpt":{"rendered":"<p>\u00a0Kampf dem Herztod Seit vielen Jahren k\u00f6nnen wir in Filialen der Sparkasse und der Raiffeisenbank, sowie in Zusammenarbeit mit der freiwilligen Feuerwehr und\u00a0einigen Firmen\u00a0einen Fr\u00fch-Defibrillator (AED)\u00a0zur Verf\u00fcgung stellen. Diese AED-Ger\u00e4te sind unser erfolgreichstes Mittel im Kampf gegen den Herztod und jede Minute z\u00e4hlt. Die Beschaffung und Pflege liegt in den H\u00e4nden unseres Vereines. Bereits mehrfach [&hellip;]<\/p>\n","protected":false},"author":1,"featured_media":0,"parent":0,"menu_order":0,"comment_status":"closed","ping_status":"closed","template":"page-fullwidth.php","meta":[],"_links":{"self":[{"href":"http:\/\/notarzt-miesbach.spdns.de\/index.php?rest_route=\/wp\/v2\/pages\/138"}],"collection":[{"href":"http:\/\/notarzt-miesbach.spdns.de\/index.php?rest_route=\/wp\/v2\/pages"}],"about":[{"href":"http:\/\/notarzt-miesbach.spdns.de\/index.php?rest_route=\/wp\/v2\/types\/page"}],"author":[{"embeddable":true,"href":"http:\/\/notarzt-miesbach.spdns.de\/index.php?rest_route=\/wp\/v2\/users\/1"}],"replies":[{"embeddable":true,"href":"http:\/\/notarzt-miesbach.spdns.de\/index.php?rest_route=%2Fwp%2Fv2%2Fcomments&post=138"}],"version-history":[{"count":21,"href":"http:\/\/notarzt-miesbach.spdns.de\/index.php?rest_route=\/wp\/v2\/pages\/138\/revisions"}],"predecessor-version":[{"id":563,"href":"http:\/\/notarzt-miesbach.spdns.de\/index.php?rest_route=\/wp\/v2\/pages\/138\/revisions\/563"}],"wp:attachment":[{"href":"http:\/\/notarzt-miesbach.spdns.de\/index.php?rest_route=%2Fwp%2Fv2%2Fmedia&parent=138"}],"curies":[{"name":"wp","href":"https:\/\/api.w.org\/{rel}","templated":true}]}}